{"id":1861,"date":"2024-01-09T12:50:43","date_gmt":"2024-01-09T09:50:43","guid":{"rendered":"https:\/\/cultureunleashed.io\/?page_id=1861"},"modified":"2025-11-08T16:42:25","modified_gmt":"2025-11-08T13:42:25","slug":"about","status":"publish","type":"page","link":"https:\/\/cultureunleashed.io\/tr\/about\/","title":{"rendered":"Hakk\u0131nda"},"content":{"rendered":"<div class='wp-block-lpb-lottie-player free animation4 alignfull' id='lpbLottiePlayer-ee5fc363-2' data-attributes='{&quot;align&quot;:&quot;full&quot;,&quot;cId&quot;:&quot;ee5fc363-2&quot;,&quot;file&quot;:&quot;https:\\\/\\\/cultureunleashed.io\\\/wp-content\\\/uploads\\\/2024\\\/02\\\/About-v5.json&quot;,&quot;isControls&quot;:false,&quot;width&quot;:&quot;120%&quot;,&quot;className&quot;:&quot;animation4&quot;,&quot;playerAlign&quot;:&quot;center&quot;,&quot;isAutoplay&quot;:true,&quot;isLoop&quot;:true,&quot;isHover&quot;:false,&quot;mode&quot;:&quot;normal&quot;,&quot;direction&quot;:1,&quot;count&quot;:0,&quot;speed&quot;:1,&quot;intermission&quot;:0,&quot;link&quot;:&quot;&quot;,&quot;isLinkInNewTab&quot;:false,&quot;interactivity&quot;:&quot;noInteractivity&quot;,&quot;interactivityMode&quot;:&quot;&quot;,&quot;interactivityContainer&quot;:&quot;.wp-block-lpb-lottie-player&quot;,&quot;interactivityActions&quot;:[],&quot;background&quot;:&quot;#0000&quot;,&quot;controlsHeight&quot;:&quot;35px&quot;,&quot;controlsBG&quot;:&quot;#0000&quot;,&quot;controlsIconColor&quot;:&quot;#4527a4&quot;,&quot;controlsIconHoverColor&quot;:&quot;#8344c5&quot;,&quot;controlsIconActiveColor&quot;:&quot;#8344c5&quot;,&quot;controlsTrackColor&quot;:&quot;#8344c5&quot;,&quot;controlsThumbColor&quot;:&quot;#4527a4&quot;,&quot;isCap&quot;:false,&quot;caption&quot;:&quot;&quot;,&quot;capAlign&quot;:&quot;center&quot;,&quot;capColors&quot;:{&quot;color&quot;:&quot;#333&quot;},&quot;capTypo&quot;:{&quot;fontSize&quot;:{&quot;desktop&quot;:14,&quot;tablet&quot;:14,&quot;mobile&quot;:14}},&quot;capPadding&quot;:{&quot;vertical&quot;:&quot;5px&quot;,&quot;horizontal&quot;:&quot;10px&quot;},&quot;capMargin&quot;:{&quot;side&quot;:4,&quot;top&quot;:&quot;5px&quot;},&quot;tpgbDisrule&quot;:false,&quot;disRule&quot;:&quot;all&quot;,&quot;displayRules&quot;:[{&quot;_key&quot;:&quot;0&quot;,&quot;displayKey&quot;:&quot;authentication&quot;,&quot;tpgb_authentication_value&quot;:&quot;authenticated&quot;,&quot;tpgb_role_value&quot;:&quot;administrator&quot;,&quot;tpgb_os_value&quot;:&quot;iphone&quot;,&quot;tpgb_browser_value&quot;:&quot;ie&quot;,&quot;assigOpr&quot;:&quot;is&quot;,&quot;tpgb_startdate_value&quot;:&quot;2021-10-13&quot;,&quot;tpgb_enddate_value&quot;:&quot;2021-10-15&quot;,&quot;tpgb_time_value&quot;:&quot;12:00&quot;,&quot;tpgb_day_value&quot;:&quot;[]&quot;,&quot;tpgb_post_type_value&quot;:&quot;[]&quot;,&quot;tpgb_page_value&quot;:&quot;[]&quot;,&quot;tpgb_post_value&quot;:&quot;[]&quot;,&quot;tpgb_taxonomy_archive_value&quot;:&quot;[]&quot;,&quot;tpgb_single_terms_value&quot;:&quot;[]&quot;,&quot;tpgb_author_archive_value&quot;:&quot;[]&quot;,&quot;tpgb_post_type_archive_value&quot;:&quot;[]&quot;,&quot;tpgb_static_page_value&quot;:&quot;home&quot;,&quot;tpgb_date_archive_value&quot;:&quot;day&quot;,&quot;tpgb_search_results_value&quot;:&quot;&quot;,&quot;tpgb_single_archive_value&quot;:&quot;[]&quot;,&quot;tpgb_acf_text_name&quot;:&quot;[]&quot;,&quot;tpgb_acf_text_value&quot;:&quot;&quot;,&quot;tpgb_acf_select_name&quot;:&quot;[]&quot;,&quot;tpgb_acf_select_value&quot;:&quot;&quot;,&quot;tpgb_acf_button_group_name&quot;:&quot;[]&quot;,&quot;tpgb_acf_button_group_value&quot;:&quot;&quot;,&quot;tpgb_acf_boolean_name&quot;:&quot;[]&quot;,&quot;tpgb_acf_boolean_value&quot;:&quot;true&quot;,&quot;tpgb_acf_datetime_name&quot;:&quot;[]&quot;,&quot;tpgb_acf_datetime_value&quot;:&quot;&quot;}],&quot;TrpContentRestriction&quot;:{&quot;restriction_type&quot;:&quot;exclude&quot;,&quot;selected_languages&quot;:[],&quot;panel_open&quot;:true}}'><\/div>\r\n\r\n\t\t\n\n\n<div class=\"wp-block-group alignfull margin-10 mb-0 is-nowrap is-layout-flex wp-container-core-group-is-layout-ad2f72ca wp-block-group-is-layout-flex\"><div class=\"lazyblock-welcome-text-2g0sl3 wp-block-lazyblock-welcome-text\"><p class='welcome-text' style='color:'><span style=\"font-weight: 400;\">Culture Unleashed, k\u00fclt\u00fcrel ve yarat\u0131c\u0131 end\u00fcstrilerde <strong>birey, topluluk, organizasyon ve ekosistemleri<\/strong> g\u00fc\u00e7lendirir. K\u00fclt\u00fcr\u00fcn \u00f6zg\u00fcr bi\u00e7imde geli\u015fmesini, k\u00fclt\u00fcrel \u00e7e\u015fitlili\u011fin korunmas\u0131n\u0131 ve yarat\u0131c\u0131 end\u00fcstrilerin toplumsal geli\u015fmenin ve toplumsal ilerleme ve geli\u015fmenin temel itici g\u00fc\u00e7lerinden birisi olmas\u0131n\u0131 \u00f6nceliklendirir. \u00d6zg\u00fcn deneyimlere sahip farkl\u0131 yarat\u0131c\u0131 bireyleri, ama\u00e7 odakl\u0131 m\u00fc\u015fteri ve partnerler ile bir araya getirerek k\u00fclt\u00fcrel ve yarat\u0131c\u0131 end\u00fcstriler alan\u0131nda <strong>nitelikli ve \u00f6l\u00e7eklenebilir \u00e7\u00f6z\u00fcmler \u00fcretir.<\/strong><\/span><\/p><\/p>\r\n<\/div><\/div>\n\n\n\n<div class=\"wp-block-group alignfull margin-10 next-page-minus-margin mb-0 is-nowrap is-layout-flex wp-container-core-group-is-layout-ad2f72ca wp-block-group-is-layout-flex\"><div class=\"lazyblock-divider-vhJzO wp-block-lazyblock-divider\"><p class='divider-text' style='color:rgb(112,123,249)'>De\u011ferler<\/p><\/p>\r\n<\/div><\/div>\n\n\n\n<div class=\"wp-block-group alignfull margin-10 mb-0 mt-0 is-nowrap is-layout-flex wp-container-core-group-is-layout-ad2f72ca wp-block-group-is-layout-flex\"><div class=\"lazyblock-explanation-pnCSz wp-block-lazyblock-explanation\"><p class='explanation-text' style='color:'>De\u011ferlerimiz, \u00e7al\u0131\u015fmalar\u0131m\u0131zda bize y\u00f6n verir ve insanlar, organizasyonlar ve gezegen ile olan ili\u015fkilerimizi \u015fekillendirir.<\/p><\/div><\/div>\n\n\n\n<div class=\"wp-block-group alignfull margin-10 mb-0 mt-0 is-nowrap is-layout-flex wp-container-core-group-is-layout-ad2f72ca wp-block-group-is-layout-flex\">\n<div class=\"wp-block-columns is-layout-flex wp-container-core-columns-is-layout-9d6595d7 wp-block-columns-is-layout-flex\">\n<div class=\"wp-block-column is-layout-flow wp-block-column-is-layout-flow\"><div class=\"lazyblock-values-Z28CT1V wp-block-lazyblock-values\">\r\n\r\n<div class=\"values\" id=\"inclusive\" style=\"border: 1px solid \"><div class=\"values-header\" style=\"border-color: \"><p style=\"color: \">\r\n  Kapsay\u0131c\u0131  \r\n<\/p><i class=\"fa fa-plus\" style=\"color: \"><\/i><\/div>\r\n\r\n<div class='extra-area' style='display:none;color:'><span style=\"font-weight: 400;\">\u00c7e\u015fitlili\u011fi te\u015fvik ederek, her bak\u0131\u015f a\u00e7\u0131s\u0131n\u0131 kucakl\u0131yor, her sesin de\u011ferli oldu\u011fu kapsay\u0131c\u0131 bir ortamda kolektif yolculu\u011fumuza herkesin katk\u0131 yapmas\u0131na imk\u00e2n tan\u0131yoruz.<\/span><\/div>\r\n\r\n<\/div>\r\n\r\n<\/div>\n\n<div class=\"lazyblock-values-vjdRR wp-block-lazyblock-values\">\r\n\r\n<div class=\"values\" id=\"democratic\" style=\"border: 1px solid \"><div class=\"values-header\" style=\"border-color: \"><p style=\"color: \">\r\n  Demokratik  \r\n<\/p><i class=\"fa fa-plus\" style=\"color: \"><\/i><\/div>\r\n\r\n<div class='extra-area' style='display:none;color:'><span style=\"font-weight: 400;\">Demokratik prensiplere ba\u011fl\u0131 olarak herkesin gelece\u011fimizi \u015fekillendirmede katk\u0131da bulundu\u011fu, merkezsiz bir ortamda karar alma s\u00fcre\u00e7lerini i\u015fletiyoruz.<\/span><\/div>\r\n\r\n<\/div>\r\n\r\n<\/div>\n\n<div class=\"lazyblock-values-2m6D5K wp-block-lazyblock-values\">\r\n\r\n<div class=\"values\" id=\"safe\" style=\"border: 1px solid \"><div class=\"values-header\" style=\"border-color: \"><p style=\"color: \">\r\n  G\u00fcvenli  \r\n<\/p><i class=\"fa fa-plus\" style=\"color: \"><\/i><\/div>\r\n\r\n<div class='extra-area' style='display:none;color:'><span style=\"font-weight: 400;\">Bireylerin g\u00fcvende hissetti\u011fi bir ortam olu\u015fturuyor; yarat\u0131c\u0131l\u0131\u011f\u0131, i\u015fbirli\u011fini ve dayan\u0131\u015fmay\u0131 destekliyoruz<\/span><\/div>\r\n\r\n<\/div>\r\n\r\n<\/div>\n\n<div class=\"lazyblock-values-1I3VRb wp-block-lazyblock-values\">\r\n\r\n<div class=\"values\" id=\"meticulous\" style=\"border: 1px solid \"><div class=\"values-header\" style=\"border-color: \"><p style=\"color: \">\r\n  \u00d6zenli  \r\n<\/p><i class=\"fa fa-plus\" style=\"color: \"><\/i><\/div>\r\n\r\n<div class='extra-area' style='display:none;color:'><span style=\"font-weight: 400;\">\u0130\u015fimize \u00f6zenle yakla\u015f\u0131yor, her a\u015famada hassasiyetle y\u00fcksek kaliteli \u00e7\u0131kt\u0131lar \u00fcretiyoruz.<\/span><\/div>\r\n\r\n<\/div>\r\n\r\n<\/div>\n\n<div class=\"lazyblock-values-14kJfG wp-block-lazyblock-values\">\r\n\r\n<div class=\"values\" id=\"transparent\" style=\"border: 1px solid \"><div class=\"values-header\" style=\"border-color: \"><p style=\"color: \">\r\n  \u015eeffaf  \r\n<\/p><i class=\"fa fa-plus\" style=\"color: \"><\/i><\/div>\r\n\r\n<div class='extra-area' style='display:none;color:'><span style=\"font-weight: 400;\">A\u00e7\u0131kl\u0131k, d\u00fcr\u00fcstl\u00fck ve net ileti\u015fim i\u00e7in \u015feffafl\u0131\u011f\u0131 \u00f6nemsiyoruz ve toplulu\u011fumuzda, m\u00fc\u015fteri ve partnerlerimizle olan ili\u015fkilerimizde g\u00fcven tesis ediyoruz.<\/span><\/div>\r\n\r\n<\/div>\r\n\r\n<\/div>\n\n<div class=\"lazyblock-values-1yOd1e wp-block-lazyblock-values\">\r\n\r\n<div class=\"values\" id=\"rights_based\" style=\"border: 1px solid \"><div class=\"values-header\" style=\"border-color: \"><p style=\"color: \">\r\n  Hak Temelli  \r\n<\/p><i class=\"fa fa-plus\" style=\"color: \"><\/i><\/div>\r\n\r\n<div class='extra-area' style='display:none;color:'><span style=\"font-weight: 400;\">Hak temelli bir yakla\u015f\u0131mla adil ve e\u015fitlik\u00e7i bir duru\u015f sergileyerek, insan haklar\u0131n\u0131 temel de\u011ferlerimizin merkezine koyuyoruz.<\/span><\/div>\r\n\r\n<\/div>\r\n\r\n<\/div>\n\n<div class=\"lazyblock-values-2gwViG wp-block-lazyblock-values\">\r\n\r\n<div class=\"values\" id=\"quality_focused\" style=\"border: 1px solid \"><div class=\"values-header\" style=\"border-color: \"><p style=\"color: \">\r\n  Nitelik Odakl\u0131  \r\n<\/p><i class=\"fa fa-plus\" style=\"color: \"><\/i><\/div>\r\n\r\n<div class='extra-area' style='display:none;color:'><span style=\"font-weight: 400;\">T\u00fcm \u00e7abalar\u0131m\u0131zda kaliteyi \u00f6ncelikli k\u0131l\u0131yor, istikrarl\u0131 bi\u00e7imde beklentileri a\u015fmay\u0131 ve benzersiz sonu\u00e7lar sunmay\u0131 hedefliyoruz.<\/span><\/div>\r\n\r\n<\/div>\r\n\r\n<\/div>\n\n<div class=\"lazyblock-values-1QEPTp wp-block-lazyblock-values\">\r\n\r\n<div class=\"values\" id=\"planet-centered\" style=\"border: 1px solid \"><div class=\"values-header\" style=\"border-color: \"><p style=\"color: \">\r\n  Gezegen Odakl\u0131  \r\n<\/p><i class=\"fa fa-plus\" style=\"color: \"><\/i><\/div>\r\n\r\n<div class='extra-area' style='display:none;color:'><span style=\"font-weight: 400;\">Gezegenimizi \u00f6nemsiyor, i\u015fimizde etki odakl\u0131 yakla\u015f\u0131mlar\u0131 benimsiyor ve gezegeni iyile\u015ftiren k\u00fcresel \u00e7abalara katk\u0131 sa\u011fl\u0131yoruz.<\/span><\/div>\r\n\r\n<\/div>\r\n\r\n<\/div><\/div>\n<\/div>\n<\/div>\n\n\n\n<div class=\"wp-block-group alignfull margin-10 mb-0 is-nowrap is-layout-flex wp-container-core-group-is-layout-ad2f72ca wp-block-group-is-layout-flex\"><div class=\"lazyblock-divider-Z1Pvlyb wp-block-lazyblock-divider\"><p class='divider-text' style='color:rgb(112,123,249)'>Kurucular<\/p><\/p>\r\n<\/div><\/div>\n\n\n\n<div class=\"wp-block-group alignfull margin-10 mb-0 mt-0 is-nowrap is-layout-flex wp-container-core-group-is-layout-ad2f72ca wp-block-group-is-layout-flex\"><div class=\"lazyblock-explanation-2liKdA wp-block-lazyblock-explanation\"><p class='explanation-text' style='color:'>Yolculu\u011fumuzu ba\u015flatan ve benzersiz ve dinamik kimli\u011fimizin olu\u015fumunu tetikleyen kurucular\u0131m\u0131zla tan\u0131\u015f.<\/p><\/div><\/div>\n\n\n\n<div class=\"wp-block-columns alignfull margin-10 is-layout-flex wp-container-core-columns-is-layout-9d6595d7 wp-block-columns-is-layout-flex\">\n<div class=\"wp-block-column d-flex align-items-center is-layout-flow wp-block-column-is-layout-flow\" style=\"padding-right:var(--wp--preset--spacing--50);flex-basis:40%\"><div class=\"lazyblock-people-linked-Z2aDMbh wp-block-lazyblock-people-linked\">\r\n<a href=\"https:\/\/cultureunleashed.io\/tr\/pages\/emre-erbirer\/\">\r\n  \r\n<div  class=\"people-menu d-flex align-items-center\" style=\"background-color: \">\r\n<img decoding=\"async\" class=\"homepage-people-img\" src=\"https:\/\/cultureunleashed.io\/wp-content\/uploads\/2023\/12\/emre-erbirer1.png\" alt=\"\">\r\n<p class=\"lined-header\"> <span class=\"bigger-text\">Emre Erbirer<\/span> \r\n<br>\u00dcye ve Kurucu Ortak<\/p>\r\n<\/div>\r\n<\/a>\r\n\r\n<\/div><\/div>\n\n\n\n<div class=\"wp-block-column d-flex align-items-center is-layout-flow wp-block-column-is-layout-flow\" style=\"padding-left:var(--wp--preset--spacing--50);flex-basis:40%\"><div class=\"lazyblock-people-linked-CJxUf wp-block-lazyblock-people-linked\">\r\n<a href=\"https:\/\/cultureunleashed.io\/tr\/pages\/mustafa-gul\/\">\r\n  \r\n<div  class=\"people-menu d-flex align-items-center\" style=\"background-color: \">\r\n<img decoding=\"async\" class=\"homepage-people-img\" src=\"https:\/\/cultureunleashed.io\/wp-content\/uploads\/2023\/12\/Mustafa-gul1.png\" alt=\"\">\r\n<p class=\"lined-header\"> <span class=\"bigger-text\">Mustafa G\u00fcl<\/span> \r\n<br>\u00dcye ve Kurucu Ortak<\/p>\r\n<\/div>\r\n<\/a>\r\n\r\n<\/div><\/div>\n\n\n\n<div class=\"wp-block-column d-flex align-items-center is-layout-flow wp-block-column-is-layout-flow\" style=\"padding-right:var(--wp--preset--spacing--30);padding-left:var(--wp--preset--spacing--30);flex-basis:40%\"><\/div>\n<\/div>\n\n\n\n<div class=\"wp-block-group alignfull margin-10 mb-0 mt-0 is-nowrap is-layout-flex wp-container-core-group-is-layout-ad2f72ca wp-block-group-is-layout-flex\"><div class=\"lazyblock-divider-Z3fsLn wp-block-lazyblock-divider\"><p class='divider-text' style='color:rgb(112,123,249)'>M\u00fc\u015fteri ve Partnerler<\/p><\/p>\r\n<\/div><\/div>\n\n\n\n<div class=\"wp-block-group alignfull margin-10 mb-0 mt-0 is-nowrap is-layout-flex wp-container-core-group-is-layout-ad2f72ca wp-block-group-is-layout-flex\"><div class=\"lazyblock-explanation-Z1IrsOx wp-block-lazyblock-explanation\"><p class='explanation-text' style='color:'>Birlikte \u00e7al\u0131\u015fmaktan mutlu oldu\u011fumuz m\u00fc\u015fteri ve partnerlerimizle tan\u0131\u015f.<\/p><\/div><\/div>\n\n\n\n<div class=\"wp-block-group alignfull margin-10 mb-0 mt-0 is-layout-flex wp-block-group-is-layout-flex\"><div class=\"lazyblock-partners-110urR Margin-10 wp-block-lazyblock-partners\">\r\n<a class=\"partners\" target=\"blank_\" href=\"https:\/\/www.britishcouncil.org.tr\/en\" rel=\"noopener\">\r\n  <img decoding=\"async\" src=\"https:\/\/cultureunleashed.io\/wp-content\/uploads\/British.png\" alt=\"\"><\/a>\r\n<\/a>\r\n  \r\n<\/div>\n\n<div class=\"lazyblock-partners-Z1eFRFf wp-block-lazyblock-partners\">\r\n<a class=\"partners\" target=\"blank_\" href=\"https:\/\/postane.co\/\" rel=\"noopener\">\r\n  <img decoding=\"async\" src=\"https:\/\/cultureunleashed.io\/wp-content\/uploads\/Postane-1.png\" alt=\"\"><\/a>\r\n<\/a>\r\n  \r\n<\/div>\n\n<div class=\"lazyblock-partners-d4K56 wp-block-lazyblock-partners\">\r\n<a class=\"partners\" target=\"blank_\" href=\"https:\/\/www.goethe.de\/\" rel=\"noopener\">\r\n  <img decoding=\"async\" src=\"https:\/\/cultureunleashed.io\/wp-content\/uploads\/goethe-1.png\" alt=\"\"><\/a>\r\n<\/a>\r\n  \r\n<\/div><\/div>","protected":false},"excerpt":{"rendered":"","protected":false},"author":1,"featured_media":0,"parent":0,"menu_order":0,"comment_status":"closed","ping_status":"closed","template":"","meta":{"tpgb_global_settings":"","hide_page_title":"","_coblocks_attr":"","_coblocks_dimensions":"","_coblocks_responsive_height":"","_coblocks_accordion_ie_support":"","ub_ctt_via":"","footnotes":""},"class_list":["post-1861","page","type-page","status-publish","hentry"],"featured_image_src":null,"tpgb_featured_images":null,"tpgb_post_meta_info":{"get_date":"Ocak 9, 2024","get_modified_date":"Kas\u0131m 8, 2025","author_name":"cultureunleashed","author_url":"https:\/\/cultureunleashed.io\/tr\/pages\/author\/cultureunleashed\/","author_email":"mgul84@gmail.com","author_website":"https:\/\/cultureunleashed.io","author_description":"","author_facebook":"","author_twitter":"","author_instagram":"","author_role":["administrator"],"author_firstname":"","author_lastname":"","user_login":"cultureunleashed","author_avatar":"<img alt='' src='https:\/\/secure.gravatar.com\/avatar\/c9464f653b8c0f13167e735d89cff2c4bb8700046492cdcab33895d6448cb93c?s=200&#038;d=mm&#038;r=g' srcset='https:\/\/secure.gravatar.com\/avatar\/c9464f653b8c0f13167e735d89cff2c4bb8700046492cdcab33895d6448cb93c?s=400&#038;d=mm&#038;r=g 2x' class='avatar avatar-200 photo' height='200' width='200' loading='lazy' decoding='async'\/>","author_avatar_url":"https:\/\/secure.gravatar.com\/avatar\/c9464f653b8c0f13167e735d89cff2c4bb8700046492cdcab33895d6448cb93c?s=96&d=mm&r=g","comment_count":0,"post_likes":0,"post_views":0},"tpgb_post_category":[],"_links":{"self":[{"href":"https:\/\/cultureunleashed.io\/tr\/wp-json\/wp\/v2\/pages\/1861","targetHints":{"allow":["GET"]}}],"collection":[{"href":"https:\/\/cultureunleashed.io\/tr\/wp-json\/wp\/v2\/pages"}],"about":[{"href":"https:\/\/cultureunleashed.io\/tr\/wp-json\/wp\/v2\/types\/page"}],"author":[{"embeddable":true,"href":"https:\/\/cultureunleashed.io\/tr\/wp-json\/wp\/v2\/users\/1"}],"replies":[{"embeddable":true,"href":"https:\/\/cultureunleashed.io\/tr\/wp-json\/wp\/v2\/comments?post=1861"}],"version-history":[{"count":142,"href":"https:\/\/cultureunleashed.io\/tr\/wp-json\/wp\/v2\/pages\/1861\/revisions"}],"predecessor-version":[{"id":15955,"href":"https:\/\/cultureunleashed.io\/tr\/wp-json\/wp\/v2\/pages\/1861\/revisions\/15955"}],"wp:attachment":[{"href":"https:\/\/cultureunleashed.io\/tr\/wp-json\/wp\/v2\/media?parent=1861"}],"curies":[{"name":"wp","href":"https:\/\/api.w.org\/{rel}","templated":true}]}}